{"id":9559,"date":"2017-03-20T13:34:45","date_gmt":"2017-03-20T12:34:45","guid":{"rendered":"http:\/\/comeconmigo.net\/?page_id=9559"},"modified":"2023-09-14T12:01:24","modified_gmt":"2023-09-14T11:01:24","slug":"retos","status":"publish","type":"page","link":"https:\/\/comeconmigo.net\/fr\/retos\/","title":{"rendered":"D\u00e9fis"},"content":{"rendered":"<p>[vc_row][vc_column width=\u00a0\u00bb1\/3&Prime;][vc_single_image image=\u00a0\u00bb32309&Prime; img_size=\u00a0\u00bbfull\u00a0\u00bb alignment=\u00a0\u00bbcenter\u00a0\u00bb][vc_column_text]<\/p>\n<p style=\"text-align: center;\"><a href=\"https:\/\/comeconmigo.net\/fr\/category\/rescatando-recetas\">Voir toutes les recettes du Projet depuis 2023<\/a><\/p>\n<p>[\/vc_column_text][vc_column_text]D\u00e9couvrir ou re-d\u00e9couvrir des recettes que nous aimons toujours autant et qui nous rendent toujours aussi heureux en leur redonnant leur petit moment de gloire ;o)[\/vc_column_text][\/vc_column][vc_column width=\u00a0\u00bb2\/3&Prime;][vc_column_text]<\/p>\n<h2>Recycl&rsquo; Recettes R2<\/h2>\n<p>[\/vc_column_text][vc_basic_grid post_type=\u00a0\u00bbpost\u00a0\u00bb max_items=\u00a0\u00bb12&Prime; style=\u00a0\u00bbpagination\u00a0\u00bb items_per_page=\u00a0\u00bb3&Prime; gap=\u00a0\u00bb0&Prime; paging_design=\u00a0\u00bbpoint_dots\u00a0\u00bb paging_color=\u00a0\u00bbsandy_brown\u00a0\u00bb item=\u00a0\u00bbbasicGrid_VerticalFlip\u00a0\u00bb grid_id=\u00a0\u00bbvc_gid:1694688974944-d41e03a9-8862-3&Prime; taxonomies=\u00a0\u00bb532&Prime;][\/vc_column][\/vc_row][vc_row][vc_column width=\u00a0\u00bb1\/3&Prime;][vc_single_image image=\u00a0\u00bb28241&Prime; img_size=\u00a0\u00bbfull\u00a0\u00bb alignment=\u00a0\u00bbcenter\u00a0\u00bb][vc_column_text]<\/p>\n<p style=\"text-align: center;\"><a href=\"https:\/\/comeconmigo.net\/category\/con-las-manos-en-la-masa\/\">Ver todas las recetas del Reto desde 2020<\/a><\/p>\n<p>[\/vc_column_text][vc_column_text]Se trata de amasar y meter las manos en harina, para hacer panes, bollos, masas y muchas m\u00e1s cosas que impliquen harina y levadura.<\/p>\n<p>La idea no es hacer ninguna masterclass panarra, m\u00e1s bien disfrutar experimentando cosas nuevas que sin el reto no nos lanzar\u00edamos a preparar.[\/vc_column_text][\/vc_column][vc_column width=\u00a0\u00bb2\/3&Prime;][vc_column_text]<\/p>\n<h2>Con las Manos&#8230; en la Masa<\/h2>\n<p>[\/vc_column_text][vc_basic_grid post_type=\u00a0\u00bbpost\u00a0\u00bb max_items=\u00a0\u00bb12&Prime; style=\u00a0\u00bbpagination\u00a0\u00bb items_per_page=\u00a0\u00bb3&Prime; gap=\u00a0\u00bb0&Prime; paging_design=\u00a0\u00bbpoint_dots\u00a0\u00bb paging_color=\u00a0\u00bbsandy_brown\u00a0\u00bb item=\u00a0\u00bbbasicGrid_VerticalFlip\u00a0\u00bb grid_id=\u00a0\u00bbvc_gid:1694688974944-73699b1c-a9b0-8&Prime; taxonomies=\u00a0\u00bb518&Prime;][\/vc_column][\/vc_row][vc_row][vc_column width=\u00a0\u00bb1\/3&Prime;][vc_single_image image=\u00a0\u00bb27948&Prime; img_size=\u00a0\u00bbfull\u00a0\u00bb alignment=\u00a0\u00bbcenter\u00a0\u00bb][vc_column_text]<\/p>\n<p style=\"text-align: center;\"><a href=\"https:\/\/comeconmigo.net\/category\/version-2020\">Ver todas las recetas del Reto desde 2020<\/a><\/p>\n<p>[\/vc_column_text][vc_column_text]La idea: rescatar recetas de los 2 o 3 primeros a\u00f1os del blog y proponer su versi\u00f3n 2020.<\/p>\n<p>O sea, la misma receta pero como tal y como la preparo hoy en d\u00eda a casa, fruto de lo que he ido aprendiendo y experimentando ;o)[\/vc_column_text][\/vc_column][vc_column width=\u00a0\u00bb2\/3&Prime;][vc_column_text]<\/p>\n<h2>Versi\u00f3n 2020<\/h2>\n<p>[\/vc_column_text][vc_basic_grid post_type=\u00a0\u00bbpost\u00a0\u00bb max_items=\u00a0\u00bb12&Prime; style=\u00a0\u00bbpagination\u00a0\u00bb items_per_page=\u00a0\u00bb3&Prime; gap=\u00a0\u00bb0&Prime; paging_design=\u00a0\u00bbpoint_dots\u00a0\u00bb paging_color=\u00a0\u00bbsandy_brown\u00a0\u00bb item=\u00a0\u00bbbasicGrid_VerticalFlip\u00a0\u00bb grid_id=\u00a0\u00bbvc_gid:1694688974945-917bdd3e-eebb-0&Prime; taxonomies=\u00a0\u00bb512&Prime;][\/vc_column][\/vc_row][vc_row][vc_column width=\u00a0\u00bb1\/3&Prime;][vc_single_image image=\u00a0\u00bb15390&Prime; img_size=\u00a0\u00bbmedium\u00a0\u00bb alignment=\u00a0\u00bbcenter\u00a0\u00bb][vc_column_text]<\/p>\n<p style=\"text-align: center;\"><a href=\"https:\/\/comeconmigo.net\/category\/descubriendo-sabores\/\">Ver todas las recetas del Proyecto desde 2018!<\/a><\/p>\n<p>[\/vc_column_text][vc_column_text]El concepto es sencillo: combinar ingredientes cl\u00e1sicos con otros un tanto m\u00e1s sorprendentes para que cada bocado sea una deliciosa sorpresa.<\/p>\n<p>La magia de este Proyecto conjunto es que nos empuja a ser creativ@s porque cada una cocina con el mismo ingrediente b\u00e1sico pero con un ingrediente \u201csorpresa\u201d distinto.<\/p>\n<p>En <a href=\"https:\/\/comeconmigo.net\/category\/descubriendo-sabores\/\">esta p\u00e1gina<\/a> ir\u00e9is descubriendo nuestras propuestas cada 3\u00ba lunes del mes.[\/vc_column_text][\/vc_column][vc_column width=\u00a0\u00bb2\/3&Prime;][vc_column_text]<\/p>\n<h2>Descubriendo Sabores<\/h2>\n<p>[\/vc_column_text][vc_basic_grid post_type=\u00a0\u00bbpost\u00a0\u00bb max_items=\u00a0\u00bb12&Prime; style=\u00a0\u00bbpagination\u00a0\u00bb items_per_page=\u00a0\u00bb3&Prime; gap=\u00a0\u00bb0&Prime; paging_design=\u00a0\u00bbpoint_dots\u00a0\u00bb paging_color=\u00a0\u00bbsandy_brown\u00a0\u00bb item=\u00a0\u00bbbasicGrid_VerticalFlip\u00a0\u00bb grid_id=\u00a0\u00bbvc_gid:1694688974945-a2097407-a372-10&Prime; taxonomies=\u00a0\u00bb435&Prime;][\/vc_column][\/vc_row][vc_row][vc_column width=\u00a0\u00bb1\/3&Prime;][vc_single_image image=\u00a0\u00bb6415&Prime; img_size=\u00a0\u00bblarge\u00a0\u00bb alignment=\u00a0\u00bbcenter\u00a0\u00bb style=\u00a0\u00bbvc_box_border\u00a0\u00bb][vc_column_text]<\/p>\n<p style=\"text-align: center;\"><a href=\"https:\/\/comeconmigo.net\/category\/proyecto-roca\/\">Ver todas las recetas del reto entre 2015 y 2017!<\/a><\/p>\n<p>[\/vc_column_text][vc_column_text]Este proyecto surgi\u00f3 de la imaginaci\u00f3n de unos compa\u00f1eros blogueros.<\/p>\n<p>Su ambici\u00f3n es poner fotos al libro de Joan Roca <em>Las Mejores Recetas de mi madre<\/em>. Es un gran libro y adem\u00e1s todos sus beneficios son destinados al\u00a0<i>Banc de Aliments de Girona<\/i>. Si os gusta la cocina catalana de toda la vida, no pod\u00e9is prescindir de \u00e9l.<\/p>\n<p>En esta p\u00e1gina ir\u00e9is encontrando las recetas que mes a mes publicamos.\u00a0\u00a1Qu\u00e9 disfrut\u00e9is mucho con ellas![\/vc_column_text][\/vc_column][vc_column width=\u00a0\u00bb2\/3&Prime;][vc_column_text]<\/p>\n<h2>Proyecto Roca<\/h2>\n<p>[\/vc_column_text][vc_basic_grid post_type=\u00a0\u00bbpost\u00a0\u00bb max_items=\u00a0\u00bb12&Prime; style=\u00a0\u00bbpagination\u00a0\u00bb items_per_page=\u00a0\u00bb3&Prime; gap=\u00a0\u00bb0&Prime; paging_design=\u00a0\u00bbpoint_dots\u00a0\u00bb paging_color=\u00a0\u00bbsandy_brown\u00a0\u00bb item=\u00a0\u00bbbasicGrid_VerticalFlip\u00a0\u00bb grid_id=\u00a0\u00bbvc_gid:1694688974946-b3f07e24-dad9-5&Prime; taxonomies=\u00a0\u00bb297&Prime;][\/vc_column][\/vc_row][vc_row][vc_column width=\u00a0\u00bb1\/3&Prime;][vc_single_image image=\u00a0\u00bb9347&Prime; img_size=\u00a0\u00bblarge\u00a0\u00bb alignment=\u00a0\u00bbcenter\u00a0\u00bb style=\u00a0\u00bbvc_box_border\u00a0\u00bb][vc_column_text]<\/p>\n<p style=\"text-align: center;\"><a href=\"https:\/\/comeconmigo.net\/category\/reto-recetas-veganas-para-tods\/\">Ver todas las recetas del reto en 2017!<\/a><\/p>\n<p>[\/vc_column_text][vc_column_text]Este nuevo reto tiene como prop\u00f3sito aportar ideas de recetas veganas que sean totalmente comparables con sus versiones cl\u00e1sicas.<\/p>\n<p>Su objetivo es compartir mesa sin que nadie sienta frustraci\u00f3n, ni los m\u00e1s carn\u00edvoros que dicen no ser pajaritos o conejos ni los veganos por quedar exclu\u00eddos de muchas propuestas cl\u00e1sicas cuando nos juntamos muchos alrededor de la mesa.<\/p>\n<p>La idea es aportar ideas tanto dulces como saladas para poder compartir grandes momentos en la mesa sin debates :o)<\/p>\n<p>Y si os gusta la comida vegana, las recetas del\u00a0<a href=\"https:\/\/comeconmigo.net\/category\/reto-proteina-verde\/\">Reto Prote\u00edna Verde<\/a>\u00a0seguro que os pueden ser de utilidad.<\/p>\n<p>Que disfruten mucho con estas nuevas recetas.[\/vc_column_text][\/vc_column][vc_column width=\u00a0\u00bb2\/3&Prime;][vc_column_text]<\/p>\n<h2>Recetas Veganas para Tod@s<\/h2>\n<p>[\/vc_column_text][vc_basic_grid post_type=\u00a0\u00bbpost\u00a0\u00bb max_items=\u00a0\u00bb12&Prime; style=\u00a0\u00bbpagination\u00a0\u00bb items_per_page=\u00a0\u00bb3&Prime; gap=\u00a0\u00bb0&Prime; paging_design=\u00a0\u00bbpoint_dots\u00a0\u00bb paging_color=\u00a0\u00bbsandy_brown\u00a0\u00bb item=\u00a0\u00bbbasicGrid_VerticalFlip\u00a0\u00bb grid_id=\u00a0\u00bbvc_gid:1694688974946-d9183050-a35a-0&Prime; taxonomies=\u00a0\u00bb307&Prime;][\/vc_column][\/vc_row][vc_row][vc_column width=\u00a0\u00bb1\/3&Prime;][vc_single_image image=\u00a0\u00bb10506&Prime; img_size=\u00a0\u00bblarge\u00a0\u00bb alignment=\u00a0\u00bbcenter\u00a0\u00bb style=\u00a0\u00bbvc_box_border\u00a0\u00bb][vc_column_text]<\/p>\n<p style=\"text-align: center;\"><a href=\"https:\/\/comeconmigo.net\/category\/reto-proteina-verde\">Ver todas las recetas del reto en 2015 &amp; 2016!<\/a><\/p>\n<p>[\/vc_column_text][vc_column_text]Este reto tiene como prop\u00f3sito demostrar que las dietas vegetariana o vegana no tienen porque ser escasas en prote\u00ednas.<\/p>\n<p>Cada entrada intentar\u00e1 mes tras mes daros ideas de combinaciones cl\u00e1sicas de legumbre+cereal que son fuentes muy interesantes y completas de prote\u00edna vegetal, muchas de ellas inspiradas en recetarios cl\u00e1sicos de todo el mundo.<\/p>\n<p>Una fuente de inspiraci\u00f3n perfecta para los Meetless Mondays!<\/p>\n<p>Y si este tipo de recetas os gustan, no os pod\u00e9is perder las recetas del\u00a0<a href=\"https:\/\/comeconmigo.net\/category\/reto-recetas-veganas-para-tods\/\">Reto Recetas Veganas para Tod@s<\/a>.[\/vc_column_text][\/vc_column][vc_column width=\u00a0\u00bb2\/3&Prime;][vc_column_text]<\/p>\n<h2>Reto Prote\u00edna Verde<\/h2>\n<p>[\/vc_column_text][vc_basic_grid post_type=\u00a0\u00bbpost\u00a0\u00bb max_items=\u00a0\u00bb12&Prime; style=\u00a0\u00bbpagination\u00a0\u00bb items_per_page=\u00a0\u00bb3&Prime; gap=\u00a0\u00bb0&Prime; paging_design=\u00a0\u00bbpoint_dots\u00a0\u00bb paging_color=\u00a0\u00bbsandy_brown\u00a0\u00bb item=\u00a0\u00bbbasicGrid_VerticalFlip\u00a0\u00bb grid_id=\u00a0\u00bbvc_gid:1694688974947-b42b751e-e51e-1&Prime; taxonomies=\u00a0\u00bb306&Prime;][\/vc_column][\/vc_row][vc_row][vc_column width=\u00a0\u00bb1\/3&Prime;][vc_single_image image=\u00a0\u00bb11059&Prime; img_size=\u00a0\u00bblarge\u00a0\u00bb alignment=\u00a0\u00bbcenter\u00a0\u00bb style=\u00a0\u00bbvc_box_border\u00a0\u00bb][vc_column_text]<\/p>\n<p style=\"text-align: center;\"><a href=\"https:\/\/comeconmigo.net\/category\/tartas-de-manzana\/\">Ver todas las recetas del reto del 2013 al 2015!<\/a><\/p>\n<p>[\/vc_column_text][vc_column_text]Es un reto al que tengo un cari\u00f1o especial ya que lo compartimos con Marhya del blog <a href=\"http:\/\/enmilbatallas.com\/\">En Mil Batallas.<\/a><\/p>\n<p>Su tema es obvio, LAS TARTAS DE MANZANA. Y su prop\u00f3sito es variar hasta el infinito y m\u00e1s all\u00e1 la cl\u00e1sica Tarta de Manzana.<\/p>\n<p>Y pod\u00e9is ver que inspiraci\u00f3n no nos ha faltado a lo largo de los 3 a\u00f1os en que llevamos el reto&#8230;[\/vc_column_text][\/vc_column][vc_column width=\u00a0\u00bb2\/3&Prime;][vc_column_text]<\/p>\n<h2>Reto Tarta de Manzana<\/h2>\n<p>[\/vc_column_text][vc_basic_grid post_type=\u00a0\u00bbpost\u00a0\u00bb max_items=\u00a0\u00bb12&Prime; style=\u00a0\u00bbpagination\u00a0\u00bb items_per_page=\u00a0\u00bb3&Prime; gap=\u00a0\u00bb0&Prime; paging_design=\u00a0\u00bbpoint_dots\u00a0\u00bb paging_color=\u00a0\u00bbsandy_brown\u00a0\u00bb item=\u00a0\u00bbbasicGrid_VerticalFlip\u00a0\u00bb grid_id=\u00a0\u00bbvc_gid:1694688974947-0af89e30-68b5-4&Prime; taxonomies=\u00a0\u00bb319&Prime;][\/vc_column][\/vc_row][vc_row][vc_column width=\u00a0\u00bb1\/3&Prime;][vc_single_image image=\u00a0\u00bb11063&Prime; img_size=\u00a0\u00bblarge\u00a0\u00bb alignment=\u00a0\u00bbcenter\u00a0\u00bb style=\u00a0\u00bbvc_box_border\u00a0\u00bb][vc_column_text]<\/p>\n<p style=\"text-align: center;\"><a href=\"https:\/\/comeconmigo.net\/category\/reto-yogurtero\/\">Ver todas las recetas del reto del 2012 al 2015!<\/a><\/p>\n<p>[\/vc_column_text][vc_column_text]Un reto con una idea sencilla: publicar cada mes una nueva receta de yogur casero, dulce o salada.<\/p>\n<p>Un reto de 4 a\u00f1os pero a\u00fan as\u00ed hay muchas m\u00e1s <a href=\"https:\/\/comeconmigo.net\/category\/yogures\">recetas de yogures caseros en el blog <\/a>que podr\u00e1s ver pinchando <a href=\"https:\/\/comeconmigo.net\/category\/yogures\">aqu\u00ed<\/a>.<\/p>\n<p>Y para que tu yogurtera no tenga m\u00e1s secretos para ti, pincha <a href=\"https:\/\/comeconmigo.net\/portfolio\/la-yogurtera\/\">aqu\u00ed<\/a>.[\/vc_column_text][\/vc_column][vc_column width=\u00a0\u00bb2\/3&Prime;][vc_column_text]<\/p>\n<h2>Reto Yogurtero<\/h2>\n<p>[\/vc_column_text][vc_basic_grid post_type=\u00a0\u00bbpost\u00a0\u00bb max_items=\u00a0\u00bb12&Prime; style=\u00a0\u00bbpagination\u00a0\u00bb items_per_page=\u00a0\u00bb3&Prime; gap=\u00a0\u00bb0&Prime; paging_design=\u00a0\u00bbpoint_dots\u00a0\u00bb paging_color=\u00a0\u00bbsandy_brown\u00a0\u00bb item=\u00a0\u00bbbasicGrid_VerticalFlip\u00a0\u00bb grid_id=\u00a0\u00bbvc_gid:1694688974948-333620a2-8461-3&Prime; taxonomies=\u00a0\u00bb309&Prime;][\/vc_column][\/vc_row][vc_row][vc_column width=\u00a0\u00bb1\/3&Prime;][vc_single_image image=\u00a0\u00bb11057&Prime; img_size=\u00a0\u00bblarge\u00a0\u00bb alignment=\u00a0\u00bbcenter\u00a0\u00bb style=\u00a0\u00bbvc_box_border\u00a0\u00bb][vc_column_text]<\/p>\n<p style=\"text-align: center;\"><a href=\"https:\/\/comeconmigo.net\/category\/reto-algas\/\">Ver todas las recetas del reto en 2013 &amp; 2014!<\/a><\/p>\n<p>[\/vc_column_text][vc_column_text]Un recopilatorio de recetas sencillas para sacar le mejor partido de las verduras del mar.<\/p>\n<p>Y pinchando <a href=\"https:\/\/comeconmigo.net\/category\/algas\/\">aqu\u00ed<\/a>, algunas <a href=\"https:\/\/comeconmigo.net\/category\/algas\/\">recetas con algas<\/a> podr\u00e9is encontrar.<\/p>\n<p>Que las disfrutes.[\/vc_column_text][\/vc_column][vc_column width=\u00a0\u00bb2\/3&Prime;][vc_column_text]<\/p>\n<h2>Reto Algas<\/h2>\n<p>[\/vc_column_text][vc_basic_grid post_type=\u00a0\u00bbpost\u00a0\u00bb max_items=\u00a0\u00bb12&Prime; style=\u00a0\u00bbpagination\u00a0\u00bb items_per_page=\u00a0\u00bb3&Prime; gap=\u00a0\u00bb0&Prime; paging_design=\u00a0\u00bbpoint_dots\u00a0\u00bb paging_color=\u00a0\u00bbsandy_brown\u00a0\u00bb item=\u00a0\u00bbbasicGrid_VerticalFlip\u00a0\u00bb grid_id=\u00a0\u00bbvc_gid:1694688974948-a9a30a1b-db95-1&Prime; taxonomies=\u00a0\u00bb305&Prime;][\/vc_column][\/vc_row]<\/p>","protected":false},"excerpt":{"rendered":"<p>[vc_row][vc_column width=\u00a0\u00bb1\/3&Prime;][vc_single_image image=\u00a0\u00bb32309&Prime; img_size=\u00a0\u00bbfull\u00a0\u00bb alignment=\u00a0\u00bbcenter\u00a0\u00bb][vc_column_text] Voir toutes les recettes du Projet depuis 2023 [\/vc_column_text][vc_column_text]D\u00e9couvrir ou re-d\u00e9couvrir des recettes que nous aimons&#8230;<\/p>\n","protected":false},"author":2,"featured_media":8565,"parent":0,"menu_order":0,"comment_status":"closed","ping_status":"closed","template":"","meta":[],"_links":{"self":[{"href":"https:\/\/comeconmigo.net\/fr\/wp-json\/wp\/v2\/pages\/9559"}],"collection":[{"href":"https:\/\/comeconmigo.net\/fr\/wp-json\/wp\/v2\/pages"}],"about":[{"href":"https:\/\/comeconmigo.net\/fr\/wp-json\/wp\/v2\/types\/page"}],"author":[{"embeddable":true,"href":"https:\/\/comeconmigo.net\/fr\/wp-json\/wp\/v2\/users\/2"}],"replies":[{"embeddable":true,"href":"https:\/\/comeconmigo.net\/fr\/wp-json\/wp\/v2\/comments?post=9559"}],"version-history":[{"count":5,"href":"https:\/\/comeconmigo.net\/fr\/wp-json\/wp\/v2\/pages\/9559\/revisions"}],"predecessor-version":[{"id":32319,"href":"https:\/\/comeconmigo.net\/fr\/wp-json\/wp\/v2\/pages\/9559\/revisions\/32319"}],"wp:featuredmedia":[{"embeddable":true,"href":"https:\/\/comeconmigo.net\/fr\/wp-json\/wp\/v2\/media\/8565"}],"wp:attachment":[{"href":"https:\/\/comeconmigo.net\/fr\/wp-json\/wp\/v2\/media?parent=9559"}],"curies":[{"name":"wp","href":"https:\/\/api.w.org\/{rel}","templated":true}]}}