{"id":8573,"date":"2017-03-17T14:27:02","date_gmt":"2017-03-17T13:27:02","guid":{"rendered":"http:\/\/comeconmigo.net\/?page_id=8573"},"modified":"2017-08-09T11:39:50","modified_gmt":"2017-08-09T10:39:50","slug":"premios","status":"publish","type":"page","link":"https:\/\/comeconmigo.net\/fr\/premios\/","title":{"rendered":"Prix"},"content":{"rendered":"<p class=\"qtranxs-available-languages-message qtranxs-available-languages-message-fr\">D\u00e9sol\u00e9, la VF n'est pas encore disponible. Deux options: la VO en <a href=\"https:\/\/comeconmigo.net\/es\/wp-json\/wp\/v2\/pages\/8573\" class=\"qtranxs-available-language-link qtranxs-available-language-link-es\" title=\"Espa\u00f1ol\">Espagnol Europ\u00e9en<\/a> ou une demande de traduction \u00e0 comeconmigoelblogdepalmira@hotmail.com ;o)<\/p>","protected":false},"excerpt":{"rendered":"<p>D\u00e9sol\u00e9, la VF n&rsquo;est pas encore disponible. Deux options: la VO en Espagnol Europ\u00e9en ou une demande de traduction \u00e0 comeconmigoelblogdepalmira@hotmail.com&#8230;<\/p>\n","protected":false},"author":2,"featured_media":8565,"parent":0,"menu_order":0,"comment_status":"closed","ping_status":"closed","template":"","meta":[],"_links":{"self":[{"href":"https:\/\/comeconmigo.net\/fr\/wp-json\/wp\/v2\/pages\/8573"}],"collection":[{"href":"https:\/\/comeconmigo.net\/fr\/wp-json\/wp\/v2\/pages"}],"about":[{"href":"https:\/\/comeconmigo.net\/fr\/wp-json\/wp\/v2\/types\/page"}],"author":[{"embeddable":true,"href":"https:\/\/comeconmigo.net\/fr\/wp-json\/wp\/v2\/users\/2"}],"replies":[{"embeddable":true,"href":"https:\/\/comeconmigo.net\/fr\/wp-json\/wp\/v2\/comments?post=8573"}],"version-history":[{"count":0,"href":"https:\/\/comeconmigo.net\/fr\/wp-json\/wp\/v2\/pages\/8573\/revisions"}],"wp:featuredmedia":[{"embeddable":true,"href":"https:\/\/comeconmigo.net\/fr\/wp-json\/wp\/v2\/media\/8565"}],"wp:attachment":[{"href":"https:\/\/comeconmigo.net\/fr\/wp-json\/wp\/v2\/media?parent=8573"}],"curies":[{"name":"wp","href":"https:\/\/api.w.org\/{rel}","templated":true}]}}