{"id":4983,"date":"2017-03-14T09:59:18","date_gmt":"2017-03-14T09:59:18","guid":{"rendered":"http:\/\/comeconmigo.net\/?page_id=4983"},"modified":"2023-10-10T13:32:30","modified_gmt":"2023-10-10T12:32:30","slug":"inicio-2","status":"publish","type":"page","link":"https:\/\/comeconmigo.net\/fr\/","title":{"rendered":"Accueil"},"content":{"rendered":"<p>[vc_row full_width=\u00a0\u00bbstretch_row\u00a0\u00bb][vc_column][vc_basic_grid post_type=\u00a0\u00bbpost\u00a0\u00bb max_items=\u00a0\u00bb24&Prime; style=\u00a0\u00bbpagination\u00a0\u00bb items_per_page=\u00a0\u00bb6&Prime; element_width=\u00a0\u00bb2&Prime; gap=\u00a0\u00bb0&Prime; paging_design=\u00a0\u00bbpoint_dots\u00a0\u00bb paging_color=\u00a0\u00bbsandy_brown\u00a0\u00bb item=\u00a0\u00bbbasicGrid_VerticalFlip\u00a0\u00bb grid_id=\u00a0\u00bbvc_gid:1696940942029-9805853f-765a-2&Prime;][\/vc_column][\/vc_row][vc_row][vc_column width=\u00a0\u00bb2\/3&Prime;][vc_column_text]<\/p>\n<h1>De saison<\/h1>\n<p>[\/vc_column_text][vc_row_inner][vc_column_inner width=\u00a0\u00bb1\/3&Prime;][vc_single_image image=\u00a0\u00bb11729&Prime; img_size=\u00a0\u00bblarge\u00a0\u00bb alignment=\u00a0\u00bbcenter\u00a0\u00bb style=\u00a0\u00bbvc_box_border_circle_2&Prime; border_color=\u00a0\u00bborange\u00a0\u00bb onclick=\u00a0\u00bbcustom_link\u00a0\u00bb img_link_target=\u00a0\u00bb_blank\u00a0\u00bb link=\u00a0\u00bbhttps:\/\/comeconmigo.net\/fr\/category\/calabaza-salada\/\u00a0\u00bb title=\u00a0\u00bbCourge Sal\u00e9e\u00a0\u00bb][\/vc_column_inner][vc_column_inner width=\u00a0\u00bb1\/3&Prime;][vc_single_image image=\u00a0\u00bb32408&Prime; img_size=\u00a0\u00bblarge\u00a0\u00bb alignment=\u00a0\u00bbcenter\u00a0\u00bb style=\u00a0\u00bbvc_box_border_circle_2&Prime; border_color=\u00a0\u00bbsandy_brown\u00a0\u00bb onclick=\u00a0\u00bbcustom_link\u00a0\u00bb img_link_target=\u00a0\u00bb_blank\u00a0\u00bb link=\u00a0\u00bbhttps:\/\/comeconmigo.net\/fr\/category\/calabaza-dulce\/\u00a0\u00bb title=\u00a0\u00bbCourge Sucr\u00e9e\u00a0\u00bb][\/vc_column_inner][vc_column_inner width=\u00a0\u00bb1\/3&Prime;][vc_single_image image=\u00a0\u00bb11732&Prime; img_size=\u00a0\u00bblarge\u00a0\u00bb alignment=\u00a0\u00bbcenter\u00a0\u00bb style=\u00a0\u00bbvc_box_border_circle_2&Prime; border_color=\u00a0\u00bbmulled_wine\u00a0\u00bb onclick=\u00a0\u00bbcustom_link\u00a0\u00bb img_link_target=\u00a0\u00bb_blank\u00a0\u00bb link=\u00a0\u00bbhttps:\/\/comeconmigo.net\/fr\/category\/ceps-setas\/\u00a0\u00bb title=\u00a0\u00bbC\u00e8pes &amp; Champignons\u00a0\u00bb][\/vc_column_inner][\/vc_row_inner][vc_row_inner][vc_column_inner width=\u00a0\u00bb1\/3&Prime;][vc_single_image image=\u00a0\u00bb11746&Prime; img_size=\u00a0\u00bblarge\u00a0\u00bb alignment=\u00a0\u00bbcenter\u00a0\u00bb style=\u00a0\u00bbvc_box_border_circle_2&Prime; border_color=\u00a0\u00bbpeacoc\u00a0\u00bb onclick=\u00a0\u00bbcustom_link\u00a0\u00bb img_link_target=\u00a0\u00bb_blank\u00a0\u00bb link=\u00a0\u00bbhttps:\/\/comeconmigo.net\/fr\/category\/castana\/\u00a0\u00bb title=\u00a0\u00bbCh\u00e2taignes pour tous\u00a0\u00bb][\/vc_column_inner][vc_column_inner width=\u00a0\u00bb1\/3&Prime;][vc_single_image image=\u00a0\u00bb29525&Prime; img_size=\u00a0\u00bblarge\u00a0\u00bb alignment=\u00a0\u00bbcenter\u00a0\u00bb style=\u00a0\u00bbvc_box_border_circle_2&Prime; border_color=\u00a0\u00bbpink\u00a0\u00bb onclick=\u00a0\u00bbcustom_link\u00a0\u00bb img_link_target=\u00a0\u00bb_blank\u00a0\u00bb link=\u00a0\u00bbhttps:\/\/comeconmigo.net\/fr\/category\/manzana-salada\/\u00a0\u00bb title=\u00a0\u00bbPomme Sal\u00e9e\u00a0\u00bb][\/vc_column_inner][vc_column_inner width=\u00a0\u00bb1\/3&Prime;][vc_single_image image=\u00a0\u00bb29526&Prime; img_size=\u00a0\u00bblarge\u00a0\u00bb alignment=\u00a0\u00bbcenter\u00a0\u00bb style=\u00a0\u00bbvc_box_border_circle_2&Prime; border_color=\u00a0\u00bbjuicy_pink\u00a0\u00bb onclick=\u00a0\u00bbcustom_link\u00a0\u00bb img_link_target=\u00a0\u00bb_blank\u00a0\u00bb link=\u00a0\u00bbhttps:\/\/comeconmigo.net\/fr\/category\/manzana-dulce\/\u00a0\u00bb title=\u00a0\u00bbPomme Sucr\u00e9e\u00a0\u00bb][\/vc_column_inner][\/vc_row_inner][vc_column_text]<\/p>\n<h1>A la une<\/h1>\n<p>[\/vc_column_text][vc_basic_grid post_type=\u00a0\u00bbpost\u00a0\u00bb max_items=\u00a0\u00bb18&Prime; style=\u00a0\u00bbpagination\u00a0\u00bb items_per_page=\u00a0\u00bb6&Prime; gap=\u00a0\u00bb0&Prime; orderby=\u00a0\u00bbrand\u00a0\u00bb paging_design=\u00a0\u00bbpoint_dots\u00a0\u00bb paging_color=\u00a0\u00bbsandy_brown\u00a0\u00bb item=\u00a0\u00bbbasicGrid_VerticalFlip\u00a0\u00bb grid_id=\u00a0\u00bbvc_gid:1696940942031-5a409b43-6dc3-6&Prime; taxonomies=\u00a0\u00bb393&Prime;][\/vc_column][vc_column width=\u00a0\u00bb1\/3&Prime;][vc_single_image image=\u00a0\u00bb9650&Prime; img_size=\u00a0\u00bbfull\u00a0\u00bb][vc_column_text]<\/p>\n<h2 class=\"lead\" style=\"text-align: center;\">Bonjour! Je m&rsquo;appelle Palmira.<\/h2>\n<h3 class=\"lead\" style=\"text-align: center;\">Bienvenue dans ma cuisine!<\/h3>\n<p>[\/vc_column_text][vc_column_text]<\/p>\n<p style=\"text-align: center;\">Suivez-moi sur <a href=\"https:\/\/www.bloglovin.com\/blogs\/come-conmigo-19090883\">Bloglovin<\/a><\/p>\n<p>[\/vc_column_text][vc_widget_sidebar sidebar_id=\u00a0\u00bbshop\u00a0\u00bb][vc_column_text]<\/p>\n<p style=\"text-align: left;\">J&rsquo;ai cr\u00e9\u00e9 ce blog pour partager mes recettes, autant sal\u00e9es que sucr\u00e9es, des recettes classiques, des recettes originales, des cadeaux gourmands et m\u00eame quelques id\u00e9es vegan. Sans oublier les confitures et yahourts maison, ma passion.<\/p>\n<p style=\"text-align: left;\">Toutes les recettes ont \u00e9t\u00e9 pr\u00e9par\u00e9es, photographi\u00e9es et d\u00e9gust\u00e9es chez nous, par mes go\u00fbteurs officiels.<\/p>\n<p style=\"text-align: left;\">Si vous avez un doute, n&rsquo;h\u00e9sitez pas \u00e0 me contacter!<\/p>\n<p style=\"text-align: left;\"><strong><a href=\"mailto:comeconmigoelblogdepalmira@hotmail.com\">comeconmigoelblogdepalmira@hotmail.com<\/a><\/strong><\/p>\n<p>[\/vc_column_text][vc_single_image image=\u00a0\u00bb9651&Prime; alignment=\u00a0\u00bbcenter\u00a0\u00bb][\/vc_column][\/vc_row][vc_row full_width=\u00a0\u00bbstretch_row_content\u00a0\u00bb][vc_column][vc_column_text]<\/p>\n<h1 style=\"text-align: center;\">Les plus consult\u00e9s<\/h1>\n<p>[\/vc_column_text][vc_basic_grid post_type=\u00a0\u00bbids\u00a0\u00bb style=\u00a0\u00bbpagination\u00a0\u00bb items_per_page=\u00a0\u00bb8&Prime; element_width=\u00a0\u00bb3&Prime; gap=\u00a0\u00bb5&Prime; paging_design=\u00a0\u00bbpoint_dots\u00a0\u00bb paging_color=\u00a0\u00bbsandy_brown\u00a0\u00bb item=\u00a0\u00bbbasicGrid_VerticalFlip\u00a0\u00bb grid_id=\u00a0\u00bbvc_gid:1696940942032-a39bd090-b08b-1&Prime; include=\u00a0\u00bb55, 476, 376, 10710, 510, 448, 474, 10712&Prime;][\/vc_column][\/vc_row]<\/p>","protected":false},"excerpt":{"rendered":"<p>[vc_row full_width=\u00a0\u00bbstretch_row\u00a0\u00bb][vc_column][vc_basic_grid post_type=\u00a0\u00bbpost\u00a0\u00bb max_items=\u00a0\u00bb24&Prime; style=\u00a0\u00bbpagination\u00a0\u00bb items_per_page=\u00a0\u00bb6&Prime; element_width=\u00a0\u00bb2&Prime; gap=\u00a0\u00bb0&Prime; paging_design=\u00a0\u00bbpoint_dots\u00a0\u00bb paging_color=\u00a0\u00bbsandy_brown\u00a0\u00bb item=\u00a0\u00bbbasicGrid_VerticalFlip\u00a0\u00bb grid_id=\u00a0\u00bbvc_gid:1696940942029-9805853f-765a-2&Prime;][\/vc_column][\/vc_row][vc_row][vc_column width=\u00a0\u00bb2\/3&Prime;][vc_column_text] De saison [\/vc_column_text][vc_row_inner][vc_column_inner width=\u00a0\u00bb1\/3&Prime;][vc_single_image image=\u00a0\u00bb11729&Prime; img_size=\u00a0\u00bblarge\u00a0\u00bb alignment=\u00a0\u00bbcenter\u00a0\u00bb style=\u00a0\u00bbvc_box_border_circle_2&Prime;&#8230;<\/p>\n","protected":false},"author":2,"featured_media":0,"parent":0,"menu_order":0,"comment_status":"closed","ping_status":"closed","template":"","meta":[],"_links":{"self":[{"href":"https:\/\/comeconmigo.net\/fr\/wp-json\/wp\/v2\/pages\/4983"}],"collection":[{"href":"https:\/\/comeconmigo.net\/fr\/wp-json\/wp\/v2\/pages"}],"about":[{"href":"https:\/\/comeconmigo.net\/fr\/wp-json\/wp\/v2\/types\/page"}],"author":[{"embeddable":true,"href":"https:\/\/comeconmigo.net\/fr\/wp-json\/wp\/v2\/users\/2"}],"replies":[{"embeddable":true,"href":"https:\/\/comeconmigo.net\/fr\/wp-json\/wp\/v2\/comments?post=4983"}],"version-history":[{"count":17,"href":"https:\/\/comeconmigo.net\/fr\/wp-json\/wp\/v2\/pages\/4983\/revisions"}],"predecessor-version":[{"id":32414,"href":"https:\/\/comeconmigo.net\/fr\/wp-json\/wp\/v2\/pages\/4983\/revisions\/32414"}],"wp:attachment":[{"href":"https:\/\/comeconmigo.net\/fr\/wp-json\/wp\/v2\/media?parent=4983"}],"curies":[{"name":"wp","href":"https:\/\/api.w.org\/{rel}","templated":true}]}}