{"id":18619,"date":"2018-05-23T10:00:32","date_gmt":"2018-05-23T09:00:32","guid":{"rendered":"http:\/\/comeconmigo.net\/?page_id=18619"},"modified":"2018-05-24T09:16:58","modified_gmt":"2018-05-24T08:16:58","slug":"politica-de-privacidad","status":"publish","type":"page","link":"https:\/\/comeconmigo.net\/fr\/politica-de-privacidad\/","title":{"rendered":"Politique de Confidentialit\u00e9"},"content":{"rendered":"<p>Ce blog respecte le RGPD (R\u00e8glement G\u00e9n\u00e9ral de Protection des Donn\u00e9es), conform\u00e9ment au R\u00e8glement Europ\u00e9en UE2016\/679 du Parlement Europ\u00e9en relatif \u00e0 la protection des personnes physiques, applicable \u00e0 compter du 25 Mai 2018.<\/p>\n<p>Les informations que vous nous communiquerez seront rajout\u00e9es dans un fichier automatis\u00e9, autoris\u00e9 l\u00e9galement, respectant les points suivants\u00a0:<\/p>\n<p><strong>1- Collecte de vos donn\u00e9es personnelles par ce blog<\/strong><\/p>\n<p>Sur ce blog, nous collectons des informations personnelles comme votre pr\u00e9nom et votre courrier \u00e9lectronique. Leur finalit\u00e9 est de partager avec vous des contenus du blog.<\/p>\n<p>Ces donn\u00e9es personnelles sont collect\u00e9es de plusieurs fa\u00e7ons\u00a0:<\/p>\n<ul>\n<li>Les cookies (voir <a href=\"https:\/\/comeconmigo.net\/fr\/utilisation-de-cookies\/\">ici<\/a> <a href=\"https:\/\/comeconmigo.net\/fr\/utilisation-de-cookies\/\">notre politique d\u2019utilisation des cookies<\/a>)<\/li>\n<li>L\u2019inscription active et volontaire pour \u00eatre inform\u00e9s de nouvelles publications sur le blog et recevoir des newsletters<\/li>\n<li>Lorsque vous nous contactez par courrier \u00e9lectronique \u00e0 l&rsquo;adresse comeconmigoelblogdepalmira@hotmail, visible \u00e0 diff\u00e9rents endroits du blog, pour obtenir des conseils ou des informations compl\u00e9mentaires,<\/li>\n<li>Lorsque vous laissez un commentaire sur n\u2019importe quel post du blog.<\/li>\n<\/ul>\n<p><strong>2- Utilisation de vos donn\u00e9es personnelles sur ce blog<\/strong><\/p>\n<p>Faites-moi confiance, je ne vais pas vendre ou partager vos donn\u00e9es personnelles. Sauf pour des raisons l\u00e9gales.<\/p>\n<p>Ces donn\u00e9es, nous sommes les seuls \u00e0 les utiliser afin de communiquer directement avec vous par le biais\u00a0de:<\/p>\n<ul>\n<li>la notification de nouvelles publications,<\/li>\n<li>l\u2019envoi de newsletters,<\/li>\n<li>la r\u00e9ponse \u00e0 vos questions et demandes faites \u00e0 l\u2019adresse email comeconmigoelblogdepalmira@hotmail.com,<\/li>\n<li>la r\u00e9ponse aux commentaires que vous d\u00e9posez sur le blog,<\/li>\n<li>l\u2019utilisation d\u2019\u00e9tudes analytiques afin d\u2019am\u00e9liorer jour apr\u00e8s jour la qualit\u00e9 et la navigation sur notre blog.<\/li>\n<\/ul>\n<p><strong>3- Notre politique de confidentialit\u00e9 &amp; vos droits comme usager<\/strong><\/p>\n<p>Vous pouvez tout \u00e0 fait ne pas accepter notre politique de confidentialit\u00e9. Sachez n\u00e9anmoins que cela peut affecter la qualit\u00e9 de la navigation et l\u2019acc\u00e8s \u00e0 certaines fonctionnalit\u00e9s du site.<\/p>\n<p>En tant qu\u2019utilisateur, si vous acceptez notre politique de confidentialit\u00e9, nous conserverons vos donn\u00e9es personnelles jusqu\u2019\u00e0 ce que vous nous indiquiez le contraire.<\/p>\n<p>A tout moment, vous \u00eates parfaitement en droit d\u2019acc\u00e9der \u00e0 vos donn\u00e9es personnelles pour les modifier ou les supprimer. Vous pouvez le faire directement via les liens de d\u00e9sabonnement pr\u00e9sents dans nos envois de courriers ou en en faisant la demande directement par courrier \u00e9lectronique \u00e0 comeconmigoelblogdepalmira@hotmail.com.<\/p>\n<p>Nous avons pris les dispositions techniques adapt\u00e9es et n\u00e9cessaires \u00e0 la protection de vos donn\u00e9es personnelles ainsi qu\u2019\u00e0 l\u2019\u00e9vitement d\u2019intromissions ill\u00e9gitimes.<\/p>\n<p>En navigant et en vous inscrivant aux newsletters et actualisations de ce blog, vous acceptez notre politique de confidentialit\u00e9.<\/p>\n<p>Si vous avez le moindre doute sur l\u2019utilisation de vos donn\u00e9es personnelles par ce site, vous pouvez nous contacter par courrier \u00e9lectronique \u00e0 l\u2019adresse comeconmigoelblogdepalmira@hotmail.com.<\/p>","protected":false},"excerpt":{"rendered":"<p>Ce blog respecte le RGPD (R\u00e8glement G\u00e9n\u00e9ral de Protection des Donn\u00e9es), conform\u00e9ment au R\u00e8glement Europ\u00e9en UE2016\/679 du Parlement Europ\u00e9en relatif \u00e0&#8230;<\/p>\n","protected":false},"author":2,"featured_media":0,"parent":0,"menu_order":0,"comment_status":"closed","ping_status":"closed","template":"","meta":[],"_links":{"self":[{"href":"https:\/\/comeconmigo.net\/fr\/wp-json\/wp\/v2\/pages\/18619"}],"collection":[{"href":"https:\/\/comeconmigo.net\/fr\/wp-json\/wp\/v2\/pages"}],"about":[{"href":"https:\/\/comeconmigo.net\/fr\/wp-json\/wp\/v2\/types\/page"}],"author":[{"embeddable":true,"href":"https:\/\/comeconmigo.net\/fr\/wp-json\/wp\/v2\/users\/2"}],"replies":[{"embeddable":true,"href":"https:\/\/comeconmigo.net\/fr\/wp-json\/wp\/v2\/comments?post=18619"}],"version-history":[{"count":0,"href":"https:\/\/comeconmigo.net\/fr\/wp-json\/wp\/v2\/pages\/18619\/revisions"}],"wp:attachment":[{"href":"https:\/\/comeconmigo.net\/fr\/wp-json\/wp\/v2\/media?parent=18619"}],"curies":[{"name":"wp","href":"https:\/\/api.w.org\/{rel}","templated":true}]}}