{"id":18340,"date":"2018-05-02T16:18:09","date_gmt":"2018-05-02T15:18:09","guid":{"rendered":"http:\/\/comeconmigo.net\/cookie-policy\/"},"modified":"2018-05-29T14:16:32","modified_gmt":"2018-05-29T13:16:32","slug":"cookie-policy","status":"publish","type":"page","link":"https:\/\/comeconmigo.net\/fr\/cookie-policy\/","title":{"rendered":"UTILISATION DE COOKIES"},"content":{"rendered":"<p>Ce blog utilise des \u201c<em>cookies<\/em>\u201d. Les <em>cookies<\/em> sont des petits fichiers temporaires que la plupart des sites webs conservent sur nos ordinateurs.<\/p>\n<p>Les <em>cookies<\/em> permettent par exemple de vous identifier automatiquement sur un\u00a0 site ou reconna\u00eetre votre ordinateur afin de rendre plus fluide la navigation.<\/p>\n<p>Sur ce blog, deux sortes de <em>cookies<\/em> cohabitent. Certains <em>cookies<\/em> me sont propres et sont li\u00e9s au bon fonctionnement du syst\u00e8me (des <em>cookies<\/em> techniques pour rendre le surf plus agr\u00e9able et fonctionnel et des <em>cookies<\/em> analytiques afin de me permettre d\u2019am\u00e9liorer mes propositions) et d\u2019autres <em>cookies<\/em> proviennent de tiers (comme par exemple ceux qui permettent de partager mes contenus sur les r\u00e9seaux sociaux).<\/p>\n<p>A tout moment, vous avez la possibilit\u00e9 d\u2019autoriser, de bloquer ou de refuser les <em>cookies<\/em> en utilisant les options disponibles dans la configuration de votre navigateur.<\/p>\n<p>Gardez juste \u00e0 l\u2019esprit qu\u2019en bloquant l\u2019utilisation des <em>cookies<\/em> cela peut nuire \u00e0 la qualit\u00e9 de la navigation sur le blog et limiter l\u2019acc\u00e8s \u00e0 certaines fonctionnalit\u00e9s du site.<\/p>\n<p>En validant l\u2019autorisation de <em>cookies<\/em> qui appara\u00eet lors de la connexion au blog, vous acceptez l\u2019utilisation des cookies ant\u00e9rieurement mentionn\u00e9s.<\/p>","protected":false},"excerpt":{"rendered":"<p>Ce blog utilise des \u201ccookies\u201d. Les cookies sont des petits fichiers temporaires que la plupart des sites webs conservent sur nos&#8230;<\/p>\n","protected":false},"author":2,"featured_media":0,"parent":0,"menu_order":0,"comment_status":"closed","ping_status":"closed","template":"","meta":[],"_links":{"self":[{"href":"https:\/\/comeconmigo.net\/fr\/wp-json\/wp\/v2\/pages\/18340"}],"collection":[{"href":"https:\/\/comeconmigo.net\/fr\/wp-json\/wp\/v2\/pages"}],"about":[{"href":"https:\/\/comeconmigo.net\/fr\/wp-json\/wp\/v2\/types\/page"}],"author":[{"embeddable":true,"href":"https:\/\/comeconmigo.net\/fr\/wp-json\/wp\/v2\/users\/2"}],"replies":[{"embeddable":true,"href":"https:\/\/comeconmigo.net\/fr\/wp-json\/wp\/v2\/comments?post=18340"}],"version-history":[{"count":0,"href":"https:\/\/comeconmigo.net\/fr\/wp-json\/wp\/v2\/pages\/18340\/revisions"}],"wp:attachment":[{"href":"https:\/\/comeconmigo.net\/fr\/wp-json\/wp\/v2\/media?parent=18340"}],"curies":[{"name":"wp","href":"https:\/\/api.w.org\/{rel}","templated":true}]}}